{"id":3350,"date":"2023-04-26T09:43:44","date_gmt":"2023-04-26T09:43:44","guid":{"rendered":"https:\/\/fertilymed.com\/cookie-policy\/"},"modified":"2024-01-17T15:45:48","modified_gmt":"2024-01-17T15:45:48","slug":"cookie-policy","status":"publish","type":"page","link":"https:\/\/wordpress.fertilymed.com\/es\/cookie-policy\/","title":{"rendered":"Cookie policy"},"content":{"rendered":"\t\t<div data-elementor-type=\"wp-page\" data-elementor-id=\"3350\" class=\"elementor elementor-3350 elementor-2980\" data-elementor-post-type=\"page\">\n\t\t\t\t\t\t<section class=\"elementor-section elementor-top-section elementor-element elementor-element-9d2df30 elementor-section-boxed elementor-section-height-default elementor-section-height-default\" data-id=\"9d2df30\" data-element_type=\"section\">\n\t\t\t\t\t\t<div class=\"elementor-container elementor-column-gap-default\">\n\t\t\t\t\t<div class=\"elementor-column elementor-col-100 elementor-top-column elementor-element elementor-element-c4e7425\" data-id=\"c4e7425\" data-element_type=\"column\">\n\t\t\t<div class=\"elementor-widget-wrap elementor-element-populated\">\n\t\t\t\t\t\t<div class=\"elementor-element elementor-element-5b97996 elementor-widget elementor-widget-text-editor\" data-id=\"5b97996\" data-element_type=\"widget\" data-widget_type=\"text-editor.default\">\n\t\t\t\t<div class=\"elementor-widget-container\">\n\t\t\t\t\t\t\t\t\t<h1 class=\"p1\" style=\"font-size: 16px; font-weight: bold; font-family: jost;\"><b>POL\u00cdTICA DE COOKIES<\/b><\/h1><p class=\"p4\"><b>Responsable del Tratamiento<\/b><\/p><p class=\"p5\"><b>FertilyMed<\/b><\/p><p class=\"p5\"><b>Zona Hotelera, Puerto Canc\u00fan, UC-12, Lote 1-02,<\/b><\/p><p class=\"p5\"><b>Manzana 27, Canc\u00fan, C.P. 77500<\/b><\/p><p>\u00a0<\/p><p class=\"p5\"><b>Quintana Roo (M\u00e9xico)<\/b><\/p><p class=\"p5\">Esta pol\u00edtica de cookies explica qu\u00e9 son las cookies y c\u00f3mo las utilizamos, los tipos de cookies que utilizamos, es decir, la informaci\u00f3n que recogemos utilizando las cookies, c\u00f3mo se utiliza esa informaci\u00f3n y c\u00f3mo comprobar las preferencias de las cookies. Para m\u00e1s informaci\u00f3n sobre c\u00f3mo utilizamos, archivamos y protegemos tus datos personales, consulta nuestra <a href=\"https:\/\/fertilymed.com\/es\/privacy-policy\/\"><span class=\"s1\">Informaci\u00f3n sobre privacidad<\/span><span class=\"s2\">.<\/span><\/a><span class=\"s2\">(con enlace).<\/span><\/p><p class=\"p5\">Puedes cambiar o retirar tu consentimiento en cualquier momento desde la Declaraci\u00f3n de cookies de nuestra p\u00e1gina web: www.fertilymed.com.<br \/>M\u00e1s informaci\u00f3n sobre qui\u00e9nes somos, c\u00f3mo puedes ponerte en contacto con nosotros y c\u00f3mo tratamos los datos personales en nuestra informaci\u00f3n sobre privacidad.<\/p><p>\u00a0<\/p><p class=\"p4\"><b>\u00bfQu\u00e9 son las cookies?<\/b><\/p><p class=\"p5\">Las cookies son peque\u00f1os archivos de texto que se utilizan para almacenar informaci\u00f3n. Se memorizan en tu dispositivo cuando se carga la p\u00e1gina web en tu navegador. Estas cookies nos ayudan a hacer que la p\u00e1gina web funcione correctamente, a hacerla m\u00e1s segura, a proporcionar una mejor experiencia de usuario, a comprender c\u00f3mo funciona la p\u00e1gina web y a analizar qu\u00e9 funciona y d\u00f3nde se debe mejorar.<\/p><p>\u00a0<\/p><p class=\"p4\"><b>\u00bfC\u00f3mo usamos las cookies?<\/b><\/p><p class=\"p5\">Como la mayor parte de los servicios online, nuestra p\u00e1gina web utiliza cookies de propiedad y de terceros para diferentes finalidades. En general, las cookies de propiedad son necesarias para que la p\u00e1gina web funcione adecuadamente y no recogen ninguno de tus datos personales identificables.<br \/>Las cookies de terceros utilizadas en nuestra p\u00e1gina web se emplean principalmente para comprender c\u00f3mo funciona la p\u00e1gina web, c\u00f3mo interact\u00faas con nuestra p\u00e1gina web, mantener la seguridad de nuestros servicios, ofrecer anuncios publicitarios relevantes para ti y, en general, ofrecerte un uso mejor y contribuir a acelerar las futuras interacciones con la p\u00e1gina web.<\/p><p>\u00a0<\/p><p class=\"p4\"><b>\u00bfQu\u00e9 tipos de cookies utilizamos?<\/b><\/p><p class=\"p5\">B\u00e1sicas: algunas cookies son fundamentales para que la p\u00e1gina web sea completamente funcional. Nos permiten mantener las sesiones de usuario y prevenir posibles amenazas para la seguridad. No recogen ni memorizan datos personales. Por ejemplo, estas cookies te permiten acceder a tu cuenta y a\u00f1adir productos a tu cesta, tramitando la compra de manera segura.<br \/>Estad\u00edsticas: estas cookies memorizan datos, como el n\u00famero de visitantes de la p\u00e1gina web, el n\u00famero de visitantes \u00fanicos, qu\u00e9 secciones de la p\u00e1gina web se han visitado, el origen de la visita, etc. Estos datos nos ayudan a entender y a analizar el rendimiento de la p\u00e1gina web y qu\u00e9 mejoras precisa<br \/>Marketing: nuestra p\u00e1gina web muestra anuncios publicitarios. Estas cookies se utilizan para personalizar los anuncios publicitarios que te mostramos de tal manera que sean significativos para ti. Estas cookies tambi\u00e9n nos ayudan a registrar la eficiencia de estas campa\u00f1as publicitarias.<br \/>La informaci\u00f3n memorizada en estas cookies tambi\u00e9n la pueden utilizar los proveedores de anuncios de terceros para ense\u00f1arte anuncios de otras p\u00e1ginas web, incluso en el navegador.<br \/>Funcional: Estas son las cookies que ayudan en algunas funciones no b\u00e1sicas de nuestra p\u00e1gina web. Estas funciones incluyen la incorporaci\u00f3n de contenidos como v\u00eddeos o la capacidad de compartir contenidos de la p\u00e1gina web en plataformas de redes sociales.<br \/>Preferencias: estas cookies nos ayudan a memorizar tus ajustes y preferencias de navegaci\u00f3n como las preferencias del idioma para tener una experiencia mejor y eficiente en las futuras visitas a la p\u00e1gina web.<br \/>La lista siguiente describe detalladamente las cookies utilizadas en nuestra p\u00e1gina web.<\/p><p>\u00a0<\/p><p class=\"p4\"><b>\u00bfC\u00f3mo puedo consultar mis preferencias de cookies?<\/b><\/p><p class=\"p6\">Cuando visites nuestra p\u00e1gina web por primera vez, te mostraremos una ventana emergente con una explicaci\u00f3n sobre las cookies. Al hacer clic en \u00abGuardar preferencias\u00bb, nos autorizas a utilizar las categor\u00edas de cookies y plug-ins que has seleccionado en la ventana emergente, como se describe en la presente pol\u00edtica de cookies. Puedes deshabilitar el uso de las cookies con tu navegador, pero ten en cuenta que nuestra p\u00e1gina web podr\u00eda dejar de funcionar correctamente.<\/p><p>\u00a0<\/p><p class=\"p6\"><b>Habilitar\/deshabilitar y eliminar cookies<\/b><\/p><p class=\"p5\">Puedes usar tu navegador para borrar autom\u00e1tica o manualmente las cookies. Tambi\u00e9n se puede especificar qu\u00e9 cookies concretas no se puede guardar. Otra opci\u00f3n es modificar los ajustes de tu navegador de Internet para recibir un mensaje cada vez que se introduce una cookie. Para m\u00e1s informaci\u00f3n sobre estas opciones, consulta las instrucciones en la secci\u00f3n de Gu\u00eda de tu navegador.<\/p><p class=\"p5\">Recuerda que nuestra p\u00e1gina web podr\u00eda no funcionar correctamente si se deshabilita todas las cookies. Si borras las cookies de tu navegador, se volver\u00e1n a guardar cuando des tu permiso al visitar de nuevo nuestra p\u00e1gina web.<\/p><p>\u00a0<\/p><p class=\"p6\"><b>Derechos del interesado en virtud del art. 15 y siguientes del Reg. UE 2016\/679<\/b><\/p><p class=\"p7\">En relaci\u00f3n con dichos datos, puedes ejercer los derechos previstos por los art. 15 y siguientes del Reg. UE 2016\/679, es decir, pedir:<\/p><p class=\"p8\">a) la actualizaci\u00f3n, la rectificaci\u00f3n o la integraci\u00f3n de los datos personales;<br \/>b) la eliminaci\u00f3n, la modificaci\u00f3n de forma an\u00f3nima o el bloqueo de los datos tratados que no cumplan lo estipulado por la ley, incluidos los datos que no requieren ser conservados de acuerdo con los objetivos para los que se han recogido y posteriormente tratado;<br \/>c) la certificaci\u00f3n de que las operaciones indicadas en los apartados a) y b) as\u00ed como su contenido, se han puesto en conocimiento de aquellos a quienes se han comunicado o se han difundido los datos, a no ser que sea imposible llevar a cabo este cumplimiento o que conlleve un uso de medios claramente desproporcionado con respecto al derecho tutelado.<br \/>En todo caso, tienes derecho de oponerte total o parcialmente:<br \/>a) por motivos leg\u00edtimos, al tratamiento de los datos personales que se refieran a ti, adem\u00e1s que pertinentes al fin de la captaci\u00f3n;<\/p><p class=\"p7\">enviando una solicitud por escrito al Responsable del Tratamiento. En caso de no recibir respuesta o de que la respuesta sea insuficiente, podr\u00e1s acudir a la Agencia de Protecci\u00f3n de Datos.<\/p><p>\u00a0<\/p><p class=\"p5\"><b>Contactos<\/b><\/p><p class=\"p5\">En caso de dudas y\/o comentarios sobre la pol\u00edtica de cookies y esta declaraci\u00f3n, ponte en contacto con nosotros usando los siguientes datos de contacto:<\/p><p class=\"p10\">FertilyMed, Zona Hotelera, Puerto Canc\u00fan, UC-12, Lote 1-02.<\/p><p class=\"p10\">Manzana 27, Canc\u00fan, C.P. 77500<\/p><p class=\"p5\">Quintana Roo (M\u00e9xico)<\/p><p class=\"p5\">Email: info@fertilymed.com.<\/p>\t\t\t\t\t\t\t\t<\/div>\n\t\t\t\t<\/div>\n\t\t\t\t\t<\/div>\n\t\t<\/div>\n\t\t\t\t\t<\/div>\n\t\t<\/section>\n\t\t\t\t<\/div>\n\t\t","protected":false},"excerpt":{"rendered":"<p>POL\u00cdTICA DE COOKIES Responsable del Tratamiento FertilyMed Zona Hotelera, Puerto Canc\u00fan, UC-12, Lote 1-02, Manzana 27, Canc\u00fan, C.P. 77500 \u00a0 Quintana Roo (M\u00e9xico) Esta pol\u00edtica de cookies explica qu\u00e9 son las cookies y c\u00f3mo las utilizamos, los tipos de cookies que utilizamos, es decir, la informaci\u00f3n que recogemos utilizando las cookies, c\u00f3mo se utiliza esa&hellip; <a class=\"more-link\" href=\"https:\/\/wordpress.fertilymed.com\/es\/cookie-policy\/\">Seguir leyendo <span class=\"screen-reader-text\">Cookie policy<\/span><\/a><\/p>\n","protected":false},"author":1,"featured_media":0,"parent":0,"menu_order":0,"comment_status":"closed","ping_status":"closed","template":"elementor_header_footer","meta":{"_joinchat":[],"footnotes":""},"class_list":["post-3350","page","type-page","status-publish","hentry","entry"],"_links":{"self":[{"href":"https:\/\/wordpress.fertilymed.com\/es\/wp-json\/wp\/v2\/pages\/3350","targetHints":{"allow":["GET"]}}],"collection":[{"href":"https:\/\/wordpress.fertilymed.com\/es\/wp-json\/wp\/v2\/pages"}],"about":[{"href":"https:\/\/wordpress.fertilymed.com\/es\/wp-json\/wp\/v2\/types\/page"}],"author":[{"embeddable":true,"href":"https:\/\/wordpress.fertilymed.com\/es\/wp-json\/wp\/v2\/users\/1"}],"replies":[{"embeddable":true,"href":"https:\/\/wordpress.fertilymed.com\/es\/wp-json\/wp\/v2\/comments?post=3350"}],"version-history":[{"count":4,"href":"https:\/\/wordpress.fertilymed.com\/es\/wp-json\/wp\/v2\/pages\/3350\/revisions"}],"predecessor-version":[{"id":5351,"href":"https:\/\/wordpress.fertilymed.com\/es\/wp-json\/wp\/v2\/pages\/3350\/revisions\/5351"}],"wp:attachment":[{"href":"https:\/\/wordpress.fertilymed.com\/es\/wp-json\/wp\/v2\/media?parent=3350"}],"curies":[{"name":"wp","href":"https:\/\/api.w.org\/{rel}","templated":true}]}}