{"id":3340,"date":"2023-02-27T18:13:43","date_gmt":"2023-02-27T18:13:43","guid":{"rendered":"https:\/\/fertilymed.com\/privacy-policy\/"},"modified":"2024-01-17T16:12:01","modified_gmt":"2024-01-17T16:12:01","slug":"privacy-policy","status":"publish","type":"page","link":"https:\/\/wordpress.fertilymed.com\/es\/privacy-policy\/","title":{"rendered":"Privacy Policy"},"content":{"rendered":"\t\t<div data-elementor-type=\"wp-page\" data-elementor-id=\"3340\" class=\"elementor elementor-3340 elementor-3\" data-elementor-post-type=\"page\">\n\t\t\t\t\t\t<section class=\"elementor-section elementor-top-section elementor-element elementor-element-14405ed0 elementor-section-boxed elementor-section-height-default elementor-section-height-default\" data-id=\"14405ed0\" data-element_type=\"section\">\n\t\t\t\t\t\t<div class=\"elementor-container elementor-column-gap-default\">\n\t\t\t\t\t<div class=\"elementor-column elementor-col-100 elementor-top-column elementor-element elementor-element-52456ed6\" data-id=\"52456ed6\" data-element_type=\"column\">\n\t\t\t<div class=\"elementor-widget-wrap elementor-element-populated\">\n\t\t\t\t\t\t<div class=\"elementor-element elementor-element-41181e14 elementor-widget elementor-widget-text-editor\" data-id=\"41181e14\" data-element_type=\"widget\" data-widget_type=\"text-editor.default\">\n\t\t\t\t<div class=\"elementor-widget-container\">\n\t\t\t\t\t\t\t\t\t<h1 class=\"p1\" style=\"font-size: 16px; display: inline; font-weight: bold; font-family: jost;\">Pol\u00edtica de privacidad<\/h1><p style=\"display: inline;\"><b> e informativa en virtud del art. 13 del Reglamento UE 2016\/679<\/b><\/p><p>\u00a0<\/p><p class=\"p4\"><b>Naturaleza de la aportaci\u00f3n de los datos<\/b><\/p><p class=\"p5\">FertilityMed recoge los datos personales requeridos y los trata en soportes inform\u00e1ticos, con el fin de cumplir las solicitudes de contacto, reservas e informaci\u00f3n.<\/p><p>\u00a0<\/p><p class=\"p4\"><b>Responsable del tratamiento<\/b><\/p><p class=\"p5\">FertilyMed, Zona Hotelera, Puerto Canc\u00fan, UC-12, Lote 1-02,<\/p><p class=\"p5\">Manzana 27, Canc\u00fan, C.P. 77500<\/p><p class=\"p5\">Quintana Roo (M\u00e9xico) es el responsable del tratamiento en virtud y a efectos del Reg. UE 2016\/679.<\/p><p>\u00a0<\/p><p class=\"p4\"><b>Encargados del tratamiento de datos<\/b><\/p><p class=\"p5\">Podr\u00e1n llegar a conocer los datos personales de los usuarios los terceros que puedan tratar los datos personales en nombre del responsable en calidad de \u201cencargados externos del tratamiento\u201d, como, a t\u00edtulo de ejemplo, proveedores de servicios inform\u00e1ticos funcionales a la operatividad de la empresa, proveedores de servicios en outsourcing o cloud computing, profesionales y asesores.<br \/>Los usuarios tienen derecho a obtener una lista de los eventuales encargados del tratamiento nombrados por el responsable solicit\u00e1ndoselo al mismo de las maneras indicadas a continuaci\u00f3n.<\/p><p>\u00a0<\/p><p class=\"p4\"><b>Fines del tratamiento<\/b><\/p><p class=\"p6\">El Responsable retendr\u00e1 los datos facilitados para los siguientes fines y en cumplimiento del Reglamento UE 2016\/679 (RGPD):<br \/>1. instalare en el dispositivo del usuario cookies t\u00e9cnicas- opcionales como se establece en la pol\u00edtica de cookies;<br \/>2. facilitar los datos a terceros para fines instrumentales a lo estrictamente necesario para ofrecer los servicios requeridos por el interesado o para cumplir leyes;<br \/>3. gestionar las solicitudes de contacto a trav\u00e9s del formulario presente en nuestra p\u00e1gina web;<br \/>4. cumplir las solicitudes de ejercicio de derechos del interesado;<br \/>5. garantizar un tratamiento de los datos correcto y l\u00edcito, protegiendo la privacidad e incluso aplicando medidas de seguridad adecuadas.<\/p><p class=\"p6\">6) con consentimiento previo, realizar actividad promocional en relaci\u00f3n con los usuarios de la p\u00e1gina web.<br \/>Todos los tratamientos realizados en el \u00e1mbito de esta p\u00e1gina web se realizar\u00e1n con herramientas electr\u00f3nicas o telem\u00e1ticas, con l\u00f3gicas relacionadas con los fines para los que se han recogido los datos y respetando las normas vigentes de seguridad, para los fines especificados. El consentimiento para dichos tratamientos, salvo el relativo a la instalaci\u00f3n de cookies opcionales, y para el punto 6 es obligatorio. En caso de rechazarlo, ser\u00eda imposible gestionar las actividades enumeradas de los puntos 1 a 5 del presente apartado.<\/p><p>\u00a0<\/p><p class=\"p4\"><b>Destinatarios de los datos<\/b><\/p><p class=\"p6\">Para los fines relacionados con la oferta del servicio solicitado por el interesado, los datos se pondr\u00e1n a disposici\u00f3n de terceros que actuar\u00e1n como encargados del tratamiento y que ofrecen servicios necesarios para satisfacer la solicitud del usuario (a t\u00edtulo de ejemplo no exhaustivo, profesionales del sector sanitario, profesionales en el \u00e1mbito administrativo\/contable) o a los que se debe facilitar los datos para cumplir leyes, reglamentos o la normativa comunitaria (por ejemplo, organismos p\u00fablicos). Tambi\u00e9n se podr\u00e1n facilitar a las fuerzas del orden (por ej.: prevenci\u00f3n y represi\u00f3n de delitos, incluso de tipo inform\u00e1tico), fiscal\u00edas, autoridades y organismos p\u00fablicos competentes en cada materia para su actividad institucional o en caso de hacer valer o defender sus derechos en el procedimiento judicial. La lista nominal de tercero se puede solicitar directamente al responsable de las maneras especificadas en la presente pol\u00edtica de privacidad.<br \/>Los datos personales se facilitar\u00e1n a personas expresamente autorizadas por el responsable (y nombradas con ese fin encargadas del tratamiento) que realizan actividades de tratamiento indispensables para las finalidades antes indicadas. Las categor\u00edas de las personas encargadas se precisan en cada momento en la informativa. Por lo general, se trata de personas encargadas al suministro de servicios espec\u00edficos, a la administraci\u00f3n, a la gesti\u00f3n de servicios informativos y a las relaciones con los asociados efectivos y potenciales.<br \/>El hosting de dichos datos tiene lugar en Estados Unidos (Tempe \u2013 Arizona).<\/p><p>\u00a0<\/p><p class=\"p4\"><b>Periodo de conservaci\u00f3n<\/b><\/p><p class=\"p6\">En funci\u00f3n de los fines identificados, se definen los siguientes per\u00edodos de conservaci\u00f3n de los datos:<br \/>1. 1. instalaci\u00f3n en el dispositivo del usuario de cookies t\u00e9cnicas, anal\u00edticas y otras opcionales: seg\u00fan la <span class=\"s1\">pol\u00edtica de cookies( <a href=\"https:\/\/fertilymed.com\/es\/cookie-policy\/\"><span class=\"s2\">https:\/\/<\/span><\/a>). a) conservaci\u00f3n de preferencias de usuario en relaci\u00f3n con las cookies:365 GG.<span class=\"s3\"><br \/>2. Facilitar los datos a terceros para fines instrumentales a lo estrictamente necesario para ofrecer los servicios solicitados por el interesado o para cumplir leyes: hasta la solicitud de la eliminaci\u00f3n por parte del usuario o para los per\u00edodos identificados por las leyes;<br \/>3. 3. cumplir las solicitudes de ejercicio de derechos del interesado: hasta 10 a\u00f1os desde la recogida.<br \/>Los tiempos de conservaci\u00f3n de los datos personales se documentan en nuestros registros de actividades de tratamiento.<\/span><\/span><\/p><p class=\"p6\">4) Actividades de car\u00e1cter promocional, 2 desde el consentimiento.<\/p><p>\u00a0<\/p><p class=\"p4\"><b>Derechos del interesado<\/b><\/p><p class=\"p6\">Se garantizan los siguientes derechos del interesado:<br \/>\u2013 Derecho de acceso a los datos (art. 15 Reg. UE 2016\/679)<br \/>\u2013 Derecho de rectificaci\u00f3n (Art. 16 Reg. UE 2016\/679)<br \/>\u2013 Derecho a la eliminaci\u00f3n (Art. 17 Reg. UE 2016\/679)<br \/>\u2013 Derecho de limitaci\u00f3n (Art. 18 Reg. UE 2016\/679)<br \/>\u2013 Derecho de portabilidad de los datos (Art. 20 Reg. UE 2016\/679)<br \/>\u2013 Derecho de oposici\u00f3n (Art. 21 Reg. UE 2016\/679).<br \/>El interesado, en caso de que la adquisici\u00f3n de los datos por parte del responsable se produzca tras el consentimiento, tiene derecho a revocarlo en cualquier momento.<\/p><p class=\"p6\">Adem\u00e1s, en caso de que se infrinja uno o varios de sus derechos, puede proponer una reclamaci\u00f3n a la Agencia de Protecci\u00f3n de Datos competente para su territorio.<br \/>Adem\u00e1s, se precisa que el responsable no ha utilizado procesos de decisi\u00f3n automatizados.<br \/>Todos los derechos anteriores se pueden ejercer en cualquier momento y sin gasto alguno escribiendo a la direcci\u00f3n de correo electr\u00f3nico info@fertilymed.com.<\/p><p>\u00a0<\/p><p class=\"p4\"><b>Seguridad de los datos personales<\/b><\/p><p class=\"p6\">Los est\u00e1ndares de seguridad utilizados por el responsable para que la informaci\u00f3n personal sea reservada y confidencial, incluyendo cortafuegos y la transmisi\u00f3n de datos a trav\u00e9s de SSL (Secure Socket Layer) son los m\u00e1s elevados en el estado de la t\u00e9cnica. Adem\u00e1s, se utilizan t\u00e9cnicas espec\u00edficas para proteger estos datos contra accesos no autorizados por parte de terceros. En cualquier caso, se garantizan las medidas de seguridad m\u00ednimas indicadas en el c\u00f3digo de privacidad y posteriores modificaciones.<br \/>Puedes comprobar si est\u00e1s operando en modo seguro de diferentes maneras:<br \/>\u2022 recibiendo un mensaje de aviso de tu programa de navegaci\u00f3n;<br \/>\u2022 comprobando que la direcci\u00f3n de la p\u00e1gina donde te encuentras est\u00e9 precedido por Https;<br \/>\u2022 comprobando el s\u00edmbolo que aparece en la parte inferior, a la izquierda o a la derecha, de la ventana de tu programa de navegaci\u00f3n: si ves una llave entera o un candado cerrado, significa que SSL est\u00e1 activo.<br \/>En cualquier caso, el responsable adopta medidas de seguridad adecuadas y preventivas para proteger la privacidad, la integridad, la exhaustividad y la disponibilidad de los datos personales. Como establecen los dispositivos normativos que regulan la seguridad de los datos personales, se han tomado medidas t\u00e9cnicas, log\u00edsticas y organizativas que tienen como objetivo la prevenci\u00f3n de da\u00f1os, p\u00e9rdidas incluso accidentales, alteraciones y uso inadecuado y no autorizado de los datos. Tambi\u00e9n adoptan medidas preventivas de seguridad similares los terceros (encargados del tratamiento) a los que se conf\u00edan operaciones de tratamiento de datos por nuestra cuenta y en relaci\u00f3n con los cuales el Responsable ha dictado normas de comportamiento e instrucciones de procedimientos de seguridad que seguir, supervisando que los encargados las cumplan correctamente.<br \/>El responsable no se responsabilizar\u00e1 de la informaci\u00f3n falsa que env\u00ede directamente le usuario (por ejemplo: correcci\u00f3n de la direcci\u00f3n de correo electr\u00f3nico, de la direcci\u00f3n postal o de los datos personales), as\u00ed como de los datos que se refieran al mismo y que haya suministrado un tercero, incluso fraudulentamente.<\/p><p>\u00a0<\/p><p class=\"p4\"><b>Datos de navegaci\u00f3n<\/b><\/p><p class=\"p6\">Los sistemas inform\u00e1ticos y los procesamientos de software utilizados para el funcionamiento de esta p\u00e1gina web adquieren, durante su actividad normal, algunos datos personales cuya transmisi\u00f3n est\u00e1 impl\u00edcita en el uso de los protocolos de comunicaci\u00f3n de Internet. Esta informaci\u00f3n no se recopila para establecer v\u00ednculos con los usuarios identificados, si bien podr\u00eda, por su propia naturaleza y a trav\u00e9s de procesamientos y vinculaciones con datos en poder de terceros, permitir la identificaci\u00f3n de los mismos. Esta categor\u00eda de datos, se incluyen las direcciones IP o los nombres de dominio de los ordenadores utilizados por los usuarios que se conectan a la p\u00e1gina web, las direcciones URI (Uniform Resource Identifier) de los recursos solicitados, la hora de la solicitud, el m\u00e9todo empleado para enviar la solicitud al servidor, el tama\u00f1o del archivo obtenido como respuesta, el c\u00f3digo num\u00e9rico que indica el estado de la respuesta emitida por el servidor (\u00e9xito, error o similares) y otros par\u00e1metros relacionados con el sistema operativo y el entorno inform\u00e1tico del usuario. Estos datos se utilizan solo para obtener informaci\u00f3n estad\u00edstica an\u00f3nima sobre el uso de la p\u00e1gina web y comprobar su correcto funcionamiento y se eliminan inmediatamente despu\u00e9s del procesamiento. Los datos podr\u00edan utilizarse para determinar la responsabilidad en caso de posibles delitos inform\u00e1ticos contra el sitio.<\/p>\t\t\t\t\t\t\t\t<\/div>\n\t\t\t\t<\/div>\n\t\t\t\t\t<\/div>\n\t\t<\/div>\n\t\t\t\t\t<\/div>\n\t\t<\/section>\n\t\t\t\t<\/div>\n\t\t","protected":false},"excerpt":{"rendered":"<p>Pol\u00edtica de privacidad e informativa en virtud del art. 13 del Reglamento UE 2016\/679 \u00a0 Naturaleza de la aportaci\u00f3n de los datos FertilityMed recoge los datos personales requeridos y los trata en soportes inform\u00e1ticos, con el fin de cumplir las solicitudes de contacto, reservas e informaci\u00f3n. \u00a0 Responsable del tratamiento FertilyMed, Zona Hotelera, Puerto Canc\u00fan,&hellip; <a class=\"more-link\" href=\"https:\/\/wordpress.fertilymed.com\/es\/privacy-policy\/\">Seguir leyendo <span class=\"screen-reader-text\">Privacy Policy<\/span><\/a><\/p>\n","protected":false},"author":1,"featured_media":0,"parent":0,"menu_order":0,"comment_status":"closed","ping_status":"open","template":"elementor_header_footer","meta":{"_joinchat":[],"footnotes":""},"class_list":["post-3340","page","type-page","status-publish","hentry","entry"],"_links":{"self":[{"href":"https:\/\/wordpress.fertilymed.com\/es\/wp-json\/wp\/v2\/pages\/3340","targetHints":{"allow":["GET"]}}],"collection":[{"href":"https:\/\/wordpress.fertilymed.com\/es\/wp-json\/wp\/v2\/pages"}],"about":[{"href":"https:\/\/wordpress.fertilymed.com\/es\/wp-json\/wp\/v2\/types\/page"}],"author":[{"embeddable":true,"href":"https:\/\/wordpress.fertilymed.com\/es\/wp-json\/wp\/v2\/users\/1"}],"replies":[{"embeddable":true,"href":"https:\/\/wordpress.fertilymed.com\/es\/wp-json\/wp\/v2\/comments?post=3340"}],"version-history":[{"count":10,"href":"https:\/\/wordpress.fertilymed.com\/es\/wp-json\/wp\/v2\/pages\/3340\/revisions"}],"predecessor-version":[{"id":5369,"href":"https:\/\/wordpress.fertilymed.com\/es\/wp-json\/wp\/v2\/pages\/3340\/revisions\/5369"}],"wp:attachment":[{"href":"https:\/\/wordpress.fertilymed.com\/es\/wp-json\/wp\/v2\/media?parent=3340"}],"curies":[{"name":"wp","href":"https:\/\/api.w.org\/{rel}","templated":true}]}}