{"id":3232,"date":"2023-04-06T07:06:25","date_gmt":"2023-04-06T07:06:25","guid":{"rendered":"https:\/\/fertilymed.com\/banco-de-ovulos\/"},"modified":"2024-01-17T23:23:20","modified_gmt":"2024-01-17T23:23:20","slug":"banco-de-ovulos","status":"publish","type":"page","link":"https:\/\/wordpress.fertilymed.com\/es\/banco-de-ovulos\/","title":{"rendered":"BANCO DE \u00d3VULOS"},"content":{"rendered":"\t\t<div data-elementor-type=\"wp-page\" data-elementor-id=\"3232\" class=\"elementor elementor-3232 elementor-2745\" data-elementor-post-type=\"page\">\n\t\t\t\t\t\t<section class=\"elementor-section elementor-top-section elementor-element elementor-element-3e852f5 elementor-section-height-min-height elementor-section-boxed elementor-section-height-default elementor-section-items-middle\" data-id=\"3e852f5\" data-element_type=\"section\" data-settings=\"{&quot;background_background&quot;:&quot;classic&quot;}\">\n\t\t\t\t\t\t<div class=\"elementor-container elementor-column-gap-default\">\n\t\t\t\t\t<div class=\"elementor-column elementor-col-100 elementor-top-column elementor-element elementor-element-fb1d00c\" data-id=\"fb1d00c\" data-element_type=\"column\">\n\t\t\t<div class=\"elementor-widget-wrap\">\n\t\t\t\t\t\t\t<\/div>\n\t\t<\/div>\n\t\t\t\t\t<\/div>\n\t\t<\/section>\n\t\t\t\t<section class=\"elementor-section elementor-top-section elementor-element elementor-element-acd997f elementor-section-full_width elementor-section-height-default elementor-section-height-default\" data-id=\"acd997f\" data-element_type=\"section\" data-settings=\"{&quot;background_background&quot;:&quot;classic&quot;}\">\n\t\t\t\t\t\t<div class=\"elementor-container elementor-column-gap-default\">\n\t\t\t\t\t<div class=\"elementor-column elementor-col-100 elementor-top-column elementor-element elementor-element-8eb57aa\" data-id=\"8eb57aa\" data-element_type=\"column\">\n\t\t\t<div class=\"elementor-widget-wrap elementor-element-populated\">\n\t\t\t\t\t\t<div class=\"elementor-element elementor-element-498764d elementor-absolute elementor-widget elementor-widget-image\" data-id=\"498764d\" data-element_type=\"widget\" data-settings=\"{&quot;_position&quot;:&quot;absolute&quot;}\" data-widget_type=\"image.default\">\n\t\t\t\t<div class=\"elementor-widget-container\">\n\t\t\t\t\t\t\t\t\t\t\t\t\t\t\t<img fetchpriority=\"high\" decoding=\"async\" width=\"967\" height=\"616\" src=\"https:\/\/wordpress.fertilymed.com\/wp-content\/uploads\/2023\/03\/MicrosoftTeams-image-14.png\" class=\"attachment-full size-full wp-image-3147\" alt=\"\" srcset=\"https:\/\/wordpress.fertilymed.com\/wp-content\/uploads\/2023\/03\/MicrosoftTeams-image-14.png 967w, https:\/\/wordpress.fertilymed.com\/wp-content\/uploads\/2023\/03\/MicrosoftTeams-image-14-300x191.png 300w, https:\/\/wordpress.fertilymed.com\/wp-content\/uploads\/2023\/03\/MicrosoftTeams-image-14-768x489.png 768w\" sizes=\"(max-width: 967px) 100vw, 967px\" style=\"width:100%;height:63.7%;max-width:967px\" \/>\t\t\t\t\t\t\t\t\t\t\t\t\t\t\t<\/div>\n\t\t\t\t<\/div>\n\t\t\t\t\t<\/div>\n\t\t<\/div>\n\t\t\t\t\t<\/div>\n\t\t<\/section>\n\t\t\t\t<section class=\"elementor-section elementor-top-section elementor-element elementor-element-c192fdb elementor-section-boxed elementor-section-height-default elementor-section-height-default\" data-id=\"c192fdb\" data-element_type=\"section\">\n\t\t\t\t\t\t<div class=\"elementor-container elementor-column-gap-default\">\n\t\t\t\t\t<div class=\"elementor-column elementor-col-50 elementor-top-column elementor-element elementor-element-9047e37 elementor-invisible\" data-id=\"9047e37\" data-element_type=\"column\" data-settings=\"{&quot;animation&quot;:&quot;fadeIn&quot;}\">\n\t\t\t<div class=\"elementor-widget-wrap elementor-element-populated\">\n\t\t\t\t\t\t<div class=\"elementor-element elementor-element-cdc5631 elementor-widget elementor-widget-heading\" data-id=\"cdc5631\" data-element_type=\"widget\" data-widget_type=\"heading.default\">\n\t\t\t\t<div class=\"elementor-widget-container\">\n\t\t\t\t\t<h1 class=\"elementor-heading-title elementor-size-default\">El Banco de Donantes de \u00d3vulos <\/h1>\t\t\t\t<\/div>\n\t\t\t\t<\/div>\n\t\t\t\t\t<\/div>\n\t\t<\/div>\n\t\t\t\t<div class=\"elementor-column elementor-col-50 elementor-top-column elementor-element elementor-element-dcf18b0 elementor-invisible\" data-id=\"dcf18b0\" data-element_type=\"column\" data-settings=\"{&quot;animation&quot;:&quot;fadeInRight&quot;}\">\n\t\t\t<div class=\"elementor-widget-wrap elementor-element-populated\">\n\t\t\t\t\t\t<div class=\"elementor-element elementor-element-c294aba elementor-widget elementor-widget-text-editor\" data-id=\"c294aba\" data-element_type=\"widget\" data-widget_type=\"text-editor.default\">\n\t\t\t\t<div class=\"elementor-widget-container\">\n\t\t\t\t\t\t\t\t\t<p class=\"p1\"><span class=\"s1\">Para garantizar una alta tasa de \u00e9xito en nuestros tratamientos y para mantener nuestros est\u00e1ndares profesionales excepcionales, <strong>hemos establecido nuestra propia base de datos extensa de donantes de \u00f3vulos excepcionalmente frescos y calificados<\/strong>. Adem\u00e1s, colaboramos con <strong>Ovogene<\/strong>, el banco de donantes de \u00f3vulos pionero del mundo guiado por la inteligencia artificial.<\/span><\/p><p>\u00a0<\/p><p class=\"p1\"><span class=\"s1\">Juntos, estos bancos de \u00f3vulos de buena reputaci\u00f3n pueden proporcionar a los futuros padres los resultados m\u00e1s favorables y un camino m\u00e1s seguro hacia la paternidad, ayud\u00e1ndoles a realizar sus sue\u00f1os. En particular, Ovogene es el \u00fanico banco de donantes de \u00f3vulos a nivel mundial que ofrece un servicio exclusivo conocido como la tecnolog\u00eda de ovocitos gen\u00e9ticamente certificados.<\/span><\/p>\t\t\t\t\t\t\t\t<\/div>\n\t\t\t\t<\/div>\n\t\t\t\t\t<\/div>\n\t\t<\/div>\n\t\t\t\t\t<\/div>\n\t\t<\/section>\n\t\t\t\t<section class=\"elementor-section elementor-top-section elementor-element elementor-element-7ea7267 elementor-section-boxed elementor-section-height-default elementor-section-height-default\" data-id=\"7ea7267\" data-element_type=\"section\">\n\t\t\t\t\t\t<div class=\"elementor-container elementor-column-gap-default\">\n\t\t\t\t\t<div class=\"elementor-column elementor-col-100 elementor-top-column elementor-element elementor-element-e4e6706 elementor-invisible\" data-id=\"e4e6706\" data-element_type=\"column\" data-settings=\"{&quot;animation&quot;:&quot;fadeIn&quot;}\">\n\t\t\t<div class=\"elementor-widget-wrap elementor-element-populated\">\n\t\t\t\t\t\t<div class=\"elementor-element elementor-element-bffff90 elementor-widget elementor-widget-heading\" data-id=\"bffff90\" data-element_type=\"widget\" data-widget_type=\"heading.default\">\n\t\t\t\t<div class=\"elementor-widget-container\">\n\t\t\t\t\t<h2 class=\"elementor-heading-title elementor-size-default\">\u00bfQu\u00e9 nos hace diferentes y fiables?<\/h2>\t\t\t\t<\/div>\n\t\t\t\t<\/div>\n\t\t\t\t<section class=\"elementor-section elementor-inner-section elementor-element elementor-element-fecab14 elementor-section-boxed elementor-section-height-default elementor-section-height-default\" data-id=\"fecab14\" data-element_type=\"section\">\n\t\t\t\t\t\t<div class=\"elementor-container elementor-column-gap-default\">\n\t\t\t\t\t<div class=\"elementor-column elementor-col-100 elementor-inner-column elementor-element elementor-element-8c306f9\" data-id=\"8c306f9\" data-element_type=\"column\">\n\t\t\t<div class=\"elementor-widget-wrap elementor-element-populated\">\n\t\t\t\t\t\t<div class=\"elementor-element elementor-element-cf4a9b7 list_font_general elementor-widget elementor-widget-text-editor\" data-id=\"cf4a9b7\" data-element_type=\"widget\" data-widget_type=\"text-editor.default\">\n\t\t\t\t<div class=\"elementor-widget-container\">\n\t\t\t\t\t\t\t\t\t<p>Trabajamos con el <strong>\u00fanico sistema en Am\u00e9rica Latina que cuenta con el sistema de seguridad m\u00e1s nuevo para Cl\u00ednicas de FIV<\/strong>. Este sistema consiste en un sistema de testigo electr\u00f3nico que verifica y controla las muestras de esperma, \u00f3vulos y embriones de los pacientes, asegur\u00e1ndose de que coincidan en todos los procedimientos y en todo momento.<\/p><p>\u00a0<\/p><p>Este sistema ha sido desarrollado para prevenir cualquier fallo en los tratamientos de FIV. <strong>Asegura el autocontrol y la seguridad tanto para los pacientes como para nuestro personal m\u00e9dico.<\/strong> Tambi\u00e9n trabajamos con:<\/p><ul><li>\u00d3vulos reci\u00e9n donados.<\/li><li><div><span lang=\"EN-US\">Realizaci\u00f3n de pruebas gen\u00e9ticas integrales.<\/span><\/div><\/li><\/ul>\t\t\t\t\t\t\t\t<\/div>\n\t\t\t\t<\/div>\n\t\t\t\t\t<\/div>\n\t\t<\/div>\n\t\t\t\t\t<\/div>\n\t\t<\/section>\n\t\t\t\t\t<\/div>\n\t\t<\/div>\n\t\t\t\t\t<\/div>\n\t\t<\/section>\n\t\t\t\t<section class=\"elementor-section elementor-top-section elementor-element elementor-element-1c0bf44 elementor-section-boxed elementor-section-height-default elementor-section-height-default\" data-id=\"1c0bf44\" data-element_type=\"section\">\n\t\t\t\t\t\t<div class=\"elementor-container elementor-column-gap-default\">\n\t\t\t\t\t<div class=\"elementor-column elementor-col-50 elementor-top-column elementor-element elementor-element-66ea920a elementor-invisible\" data-id=\"66ea920a\" data-element_type=\"column\" data-settings=\"{&quot;animation&quot;:&quot;fadeIn&quot;}\">\n\t\t\t<div class=\"elementor-widget-wrap elementor-element-populated\">\n\t\t\t\t\t\t<div class=\"elementor-element elementor-element-3dfad70 elementor-widget elementor-widget-image\" data-id=\"3dfad70\" data-element_type=\"widget\" data-widget_type=\"image.default\">\n\t\t\t\t<div class=\"elementor-widget-container\">\n\t\t\t\t\t\t\t\t\t\t\t\t\t\t\t<img decoding=\"async\" width=\"831\" height=\"571\" src=\"https:\/\/wordpress.fertilymed.com\/wp-content\/uploads\/2023\/04\/banca-ovuli-1.png\" class=\"attachment-full size-full wp-image-3159\" alt=\"\" srcset=\"https:\/\/wordpress.fertilymed.com\/wp-content\/uploads\/2023\/04\/banca-ovuli-1.png 831w, https:\/\/wordpress.fertilymed.com\/wp-content\/uploads\/2023\/04\/banca-ovuli-1-300x206.png 300w, https:\/\/wordpress.fertilymed.com\/wp-content\/uploads\/2023\/04\/banca-ovuli-1-768x528.png 768w\" sizes=\"(max-width: 831px) 100vw, 831px\" style=\"width:100%;height:68.71%;max-width:831px\" \/>\t\t\t\t\t\t\t\t\t\t\t\t\t\t\t<\/div>\n\t\t\t\t<\/div>\n\t\t\t\t\t<\/div>\n\t\t<\/div>\n\t\t\t\t<div class=\"elementor-column elementor-col-50 elementor-top-column elementor-element elementor-element-239098e4 elementor-invisible\" data-id=\"239098e4\" data-element_type=\"column\" data-settings=\"{&quot;animation&quot;:&quot;slideInRight&quot;}\">\n\t\t\t<div class=\"elementor-widget-wrap elementor-element-populated\">\n\t\t\t\t\t\t<div class=\"elementor-element elementor-element-b1f0f8b elementor-widget elementor-widget-heading\" data-id=\"b1f0f8b\" data-element_type=\"widget\" data-widget_type=\"heading.default\">\n\t\t\t\t<div class=\"elementor-widget-container\">\n\t\t\t\t\t<h2 class=\"elementor-heading-title elementor-size-default\">\u00bfC\u00f3mo se seleccionan y asignan los \u00f3vulos? <\/h2>\t\t\t\t<\/div>\n\t\t\t\t<\/div>\n\t\t\t\t<div class=\"elementor-element elementor-element-3d965a20 elementor-widget elementor-widget-text-editor\" data-id=\"3d965a20\" data-element_type=\"widget\" data-widget_type=\"text-editor.default\">\n\t\t\t\t<div class=\"elementor-widget-container\">\n\t\t\t\t\t\t\t\t\t<p class=\"p1\"><span class=\"s1\">Para un programa exitoso de preservaci\u00f3n de \u00f3vulos, la calidad de los \u00f3vulos y la efectividad del donante son elementos clave.<\/span><\/p><p>\u00a0<\/p><p class=\"p1\"><span class=\"s1\">La tecnolog\u00eda de \u00faltima generaci\u00f3n que empleamos nos permite recopilar informaci\u00f3n precisa no solo sobre la estructura y las caracter\u00edsticas de los espermatozoides y \u00f3vulos de cada donante, sino tambi\u00e9n sobre el rendimiento hist\u00f3rico del donante en ciclos de fertilizaci\u00f3n previos.<\/span><\/p><p>\u00a0<\/p><p class=\"p1\"><span class=\"s1\">Nuestro banco de donantes de \u00f3vulos emplea una tecnolog\u00eda que permite una evaluaci\u00f3n morfol\u00f3gica de los ovocitos del donante. Nuestros embri\u00f3logos luego eligen los \u00f3vulos basados en evaluaciones morfol\u00f3gicas y de calidad para determinar la idoneidad del donante.<\/span><\/p>\t\t\t\t\t\t\t\t<\/div>\n\t\t\t\t<\/div>\n\t\t\t\t\t<\/div>\n\t\t<\/div>\n\t\t\t\t\t<\/div>\n\t\t<\/section>\n\t\t\t\t<section class=\"elementor-section elementor-top-section elementor-element elementor-element-3cdfe4d elementor-reverse-mobile elementor-reverse-tablet elementor-section-boxed elementor-section-height-default elementor-section-height-default\" data-id=\"3cdfe4d\" data-element_type=\"section\">\n\t\t\t\t\t\t<div class=\"elementor-container elementor-column-gap-default\">\n\t\t\t\t\t<div class=\"elementor-column elementor-col-50 elementor-top-column elementor-element elementor-element-4ef41002 elementor-invisible\" data-id=\"4ef41002\" data-element_type=\"column\" data-settings=\"{&quot;animation&quot;:&quot;slideInLeft&quot;}\">\n\t\t\t<div class=\"elementor-widget-wrap elementor-element-populated\">\n\t\t\t\t\t\t<div class=\"elementor-element elementor-element-4b05e0ed elementor-widget elementor-widget-heading\" data-id=\"4b05e0ed\" data-element_type=\"widget\" data-widget_type=\"heading.default\">\n\t\t\t\t<div class=\"elementor-widget-container\">\n\t\t\t\t\t<h2 class=\"elementor-heading-title elementor-size-default\">Calidad y Seguridad Garantizada al 100%<\/h2>\t\t\t\t<\/div>\n\t\t\t\t<\/div>\n\t\t\t\t<div class=\"elementor-element elementor-element-559ec638 elementor-widget elementor-widget-text-editor\" data-id=\"559ec638\" data-element_type=\"widget\" data-widget_type=\"text-editor.default\">\n\t\t\t\t<div class=\"elementor-widget-container\">\n\t\t\t\t\t\t\t\t\t<p class=\"p1\"><span class=\"s1\">Nuestro programa de garant\u00eda de calidad se basa en tres principios cr\u00edticos, que garantizan una alta tasa de \u00e9xito para los pacientes que buscan nuestra asistencia:<\/span><\/p><p>\u00a0<\/p><ul><li class=\"p1\"><strong><span class=\"s2\">Monitoreo constante<\/span><\/strong><span class=\"s1\">: Nuestro equipo de laboratorio supervisa meticulosamente cada faceta del programa de donaci\u00f3n y comparte informaci\u00f3n con nuestro equipo m\u00e1s amplio de profesionales m\u00e9dicos.<\/span><\/li><\/ul><p>\u00a0<\/p><ul><li class=\"p1\"><strong><span class=\"s2\">T\u00e9cnicas de desarrollo embrionario de vanguardia<\/span><\/strong><span class=\"s1\">: No solo garantizamos donaciones de \u00f3vulos de primer nivel desde nuestra base de datos, sino que tambi\u00e9n garantizamos blastocistos de calidad Ovogene y una divisi\u00f3n celular excepcional durante el cultivo de embriones.<\/span><\/li><\/ul><p>\u00a0<\/p><ul><li class=\"p1\"><strong><span class=\"s2\">\u00d3vulos Gen\u00e9ticamente Certificados<\/span><\/strong><span class=\"s1\"><strong>:<\/strong> Empleamos una t\u00e9cnica exclusiva, gen\u00e9ticamente certificada para evaluar la integridad gen\u00e9tica de los \u00f3vulos. Al mantener la excelencia de nuestros est\u00e1ndares cl\u00ednicos, Ovogene se adhiere a las directrices establecidas por la ESHRE (Sociedad Europea de Reproducci\u00f3n Humana), ASRM (Sociedad Americana de Medicina Reproductiva) y CAP (Colegio de Pat\u00f3logos Americanos).<\/span><\/li><\/ul><p>\u00a0<\/p><ul><li><strong>Protecci\u00f3n de las muestras<\/strong>: Trabajamos con el mejor Software, <strong>IVFID<\/strong>, el cual nos permite siempre asegurar y monitorear cada muestra. Eliminando cualquier posibilidad de error.<\/li><\/ul>\t\t\t\t\t\t\t\t<\/div>\n\t\t\t\t<\/div>\n\t\t\t\t\t<\/div>\n\t\t<\/div>\n\t\t\t\t<div class=\"elementor-column elementor-col-50 elementor-top-column elementor-element elementor-element-5eebc015 elementor-invisible\" data-id=\"5eebc015\" data-element_type=\"column\" data-settings=\"{&quot;animation&quot;:&quot;fadeIn&quot;}\">\n\t\t\t<div class=\"elementor-widget-wrap elementor-element-populated\">\n\t\t\t\t\t\t<div class=\"elementor-element elementor-element-471960f1 elementor-widget elementor-widget-image\" data-id=\"471960f1\" data-element_type=\"widget\" data-widget_type=\"image.default\">\n\t\t\t\t<div class=\"elementor-widget-container\">\n\t\t\t\t\t\t\t\t\t\t\t\t\t\t\t<img decoding=\"async\" width=\"750\" height=\"515\" src=\"https:\/\/wordpress.fertilymed.com\/wp-content\/uploads\/2023\/04\/banca-ovuli-2.png\" class=\"attachment-large size-large wp-image-3160\" alt=\"\" srcset=\"https:\/\/wordpress.fertilymed.com\/wp-content\/uploads\/2023\/04\/banca-ovuli-2.png 831w, https:\/\/wordpress.fertilymed.com\/wp-content\/uploads\/2023\/04\/banca-ovuli-2-300x206.png 300w, https:\/\/wordpress.fertilymed.com\/wp-content\/uploads\/2023\/04\/banca-ovuli-2-768x528.png 768w\" sizes=\"(max-width: 750px) 100vw, 750px\" style=\"width:100%;height:68.71%;max-width:831px\" \/>\t\t\t\t\t\t\t\t\t\t\t\t\t\t\t<\/div>\n\t\t\t\t<\/div>\n\t\t\t\t\t<\/div>\n\t\t<\/div>\n\t\t\t\t\t<\/div>\n\t\t<\/section>\n\t\t\t\t<section class=\"elementor-section elementor-top-section elementor-element elementor-element-5ffa5ec elementor-section-boxed elementor-section-height-default elementor-section-height-default\" data-id=\"5ffa5ec\" data-element_type=\"section\" data-settings=\"{&quot;background_background&quot;:&quot;classic&quot;}\">\n\t\t\t\t\t\t<div class=\"elementor-container elementor-column-gap-default\">\n\t\t\t\t\t<div class=\"elementor-column elementor-col-50 elementor-top-column elementor-element elementor-element-74de69a8 elementor-invisible\" data-id=\"74de69a8\" data-element_type=\"column\" data-settings=\"{&quot;animation&quot;:&quot;fadeIn&quot;}\">\n\t\t\t<div class=\"elementor-widget-wrap elementor-element-populated\">\n\t\t\t\t\t\t<div class=\"elementor-element elementor-element-61590324 elementor-widget elementor-widget-image\" data-id=\"61590324\" data-element_type=\"widget\" data-widget_type=\"image.default\">\n\t\t\t\t<div class=\"elementor-widget-container\">\n\t\t\t\t\t\t\t\t\t\t\t\t\t\t\t<img loading=\"lazy\" decoding=\"async\" width=\"750\" height=\"515\" src=\"https:\/\/wordpress.fertilymed.com\/wp-content\/uploads\/2023\/04\/banca-ovuli-3.png\" class=\"attachment-large size-large wp-image-3161\" alt=\"\" srcset=\"https:\/\/wordpress.fertilymed.com\/wp-content\/uploads\/2023\/04\/banca-ovuli-3.png 831w, https:\/\/wordpress.fertilymed.com\/wp-content\/uploads\/2023\/04\/banca-ovuli-3-300x206.png 300w, https:\/\/wordpress.fertilymed.com\/wp-content\/uploads\/2023\/04\/banca-ovuli-3-768x528.png 768w\" sizes=\"(max-width: 750px) 100vw, 750px\" style=\"width:100%;height:68.71%;max-width:831px\" \/>\t\t\t\t\t\t\t\t\t\t\t\t\t\t\t<\/div>\n\t\t\t\t<\/div>\n\t\t\t\t\t<\/div>\n\t\t<\/div>\n\t\t\t\t<div class=\"elementor-column elementor-col-50 elementor-top-column elementor-element elementor-element-4ac859e2 elementor-invisible\" data-id=\"4ac859e2\" data-element_type=\"column\" data-settings=\"{&quot;animation&quot;:&quot;slideInRight&quot;}\">\n\t\t\t<div class=\"elementor-widget-wrap elementor-element-populated\">\n\t\t\t\t\t\t<div class=\"elementor-element elementor-element-7dacb5b2 elementor-widget elementor-widget-heading\" data-id=\"7dacb5b2\" data-element_type=\"widget\" data-widget_type=\"heading.default\">\n\t\t\t\t<div class=\"elementor-widget-container\">\n\t\t\t\t\t<h2 class=\"elementor-heading-title elementor-size-default\">\u00bfC\u00f3mo se clasifican los \u00f3vulos del donante para su conservaci\u00f3n?<\/h2>\t\t\t\t<\/div>\n\t\t\t\t<\/div>\n\t\t\t\t<div class=\"elementor-element elementor-element-4f71fc50 elementor-widget elementor-widget-text-editor\" data-id=\"4f71fc50\" data-element_type=\"widget\" data-widget_type=\"text-editor.default\">\n\t\t\t\t<div class=\"elementor-widget-container\">\n\t\t\t\t\t\t\t\t\t<p>La clasificaci\u00f3n morfol\u00f3gica de los \u00f3vulos se basa en varios criterios, incluyendo el <strong>tama\u00f1o, la forma, las caracter\u00edsticas citoplasm\u00e1ticas, la zona pel\u00facida, el corp\u00fasculo polar, las c\u00e9lulas del c\u00famulo, la granulaci\u00f3n, la identidad de la donante, la fecha de obtenci\u00f3n, el n\u00famero de \u00f3vulos recolectados<\/strong> y cualquier caracter\u00edstica espec\u00edfica de los \u00f3vulos, como la madurez y la apariencia.<\/p><p>\u00a0<\/p><p>Los \u00f3vulos clasificados son luego criopreservados utilizando un proceso conocido como vitrificaci\u00f3n, que implica un congelamiento r\u00e1pido para preservar su calidad y viabilidad. Luego, se almacenan en contenedores o viales especializados.<\/p><p>\u00a0<\/p><p>Cada vial o contenedor se etiqueta con la informaci\u00f3n importante de la donante, para mantener y garantizar la trazabilidad y el almacenamiento preciso. Los \u00f3vulos clasificados y criopreservados se almacenan en una instalaci\u00f3n especializada, a menudo en tanques de nitr\u00f3geno l\u00edquido, donde pueden permanecer congelados durante un per\u00edodo prolongado.<\/p>\t\t\t\t\t\t\t\t<\/div>\n\t\t\t\t<\/div>\n\t\t\t\t\t<\/div>\n\t\t<\/div>\n\t\t\t\t\t<\/div>\n\t\t<\/section>\n\t\t\t\t<\/div>\n\t\t","protected":false},"excerpt":{"rendered":"<p>El Banco de Donantes de \u00d3vulos Para garantizar una alta tasa de \u00e9xito en nuestros tratamientos y para mantener nuestros est\u00e1ndares profesionales excepcionales, hemos establecido nuestra propia base de datos extensa de donantes de \u00f3vulos excepcionalmente frescos y calificados. Adem\u00e1s, colaboramos con Ovogene, el banco de donantes de \u00f3vulos pionero del mundo guiado por la&hellip; <a class=\"more-link\" href=\"https:\/\/wordpress.fertilymed.com\/es\/banco-de-ovulos\/\">Seguir leyendo <span class=\"screen-reader-text\">BANCO DE \u00d3VULOS<\/span><\/a><\/p>\n","protected":false},"author":1,"featured_media":0,"parent":0,"menu_order":0,"comment_status":"closed","ping_status":"closed","template":"elementor_header_footer","meta":{"_joinchat":[],"footnotes":""},"class_list":["post-3232","page","type-page","status-publish","hentry","entry"],"_links":{"self":[{"href":"https:\/\/wordpress.fertilymed.com\/es\/wp-json\/wp\/v2\/pages\/3232","targetHints":{"allow":["GET"]}}],"collection":[{"href":"https:\/\/wordpress.fertilymed.com\/es\/wp-json\/wp\/v2\/pages"}],"about":[{"href":"https:\/\/wordpress.fertilymed.com\/es\/wp-json\/wp\/v2\/types\/page"}],"author":[{"embeddable":true,"href":"https:\/\/wordpress.fertilymed.com\/es\/wp-json\/wp\/v2\/users\/1"}],"replies":[{"embeddable":true,"href":"https:\/\/wordpress.fertilymed.com\/es\/wp-json\/wp\/v2\/comments?post=3232"}],"version-history":[{"count":13,"href":"https:\/\/wordpress.fertilymed.com\/es\/wp-json\/wp\/v2\/pages\/3232\/revisions"}],"predecessor-version":[{"id":5480,"href":"https:\/\/wordpress.fertilymed.com\/es\/wp-json\/wp\/v2\/pages\/3232\/revisions\/5480"}],"wp:attachment":[{"href":"https:\/\/wordpress.fertilymed.com\/es\/wp-json\/wp\/v2\/media?parent=3232"}],"curies":[{"name":"wp","href":"https:\/\/api.w.org\/{rel}","templated":true}]}}