{"id":3218,"date":"2023-03-10T14:56:31","date_gmt":"2023-03-10T14:56:31","guid":{"rendered":"https:\/\/fertilymed.com\/tratamientos\/"},"modified":"2024-01-29T15:17:20","modified_gmt":"2024-01-29T15:17:20","slug":"tratamientos-de-fertilidad","status":"publish","type":"page","link":"https:\/\/wordpress.fertilymed.com\/es\/tratamientos-de-fertilidad\/","title":{"rendered":"TRATAMIENTOS"},"content":{"rendered":"\t\t<div data-elementor-type=\"wp-page\" data-elementor-id=\"3218\" class=\"elementor elementor-3218 elementor-149\" data-elementor-post-type=\"page\">\n\t\t\t\t\t\t<section class=\"elementor-section elementor-top-section elementor-element elementor-element-560fa4d elementor-section-height-min-height elementor-section-boxed elementor-section-height-default elementor-section-items-middle\" data-id=\"560fa4d\" data-element_type=\"section\" data-settings=\"{&quot;background_background&quot;:&quot;classic&quot;}\">\n\t\t\t\t\t\t\t<div class=\"elementor-background-overlay\"><\/div>\n\t\t\t\t\t\t\t<div class=\"elementor-container elementor-column-gap-default\">\n\t\t\t\t\t<div class=\"elementor-column elementor-col-100 elementor-top-column elementor-element elementor-element-ab01442 elementor-invisible\" data-id=\"ab01442\" data-element_type=\"column\" data-settings=\"{&quot;animation&quot;:&quot;slideInLeft&quot;,&quot;animation_mobile&quot;:&quot;fadeIn&quot;}\">\n\t\t\t<div class=\"elementor-widget-wrap elementor-element-populated\">\n\t\t\t\t\t\t<div class=\"elementor-element elementor-element-73d9231 elementor-invisible elementor-widget elementor-widget-heading\" data-id=\"73d9231\" data-element_type=\"widget\" data-settings=\"{&quot;_animation&quot;:&quot;fadeInLeft&quot;}\" data-widget_type=\"heading.default\">\n\t\t\t\t<div class=\"elementor-widget-container\">\n\t\t\t\t\t<h1 class=\"elementor-heading-title elementor-size-default\">Tratamientos de fertilidad<\/h1>\t\t\t\t<\/div>\n\t\t\t\t<\/div>\n\t\t\t\t\t<\/div>\n\t\t<\/div>\n\t\t\t\t\t<\/div>\n\t\t<\/section>\n\t\t\t\t<section class=\"elementor-section elementor-top-section elementor-element elementor-element-7d3a825 elementor-section-full_width elementor-section-height-default elementor-section-height-default\" data-id=\"7d3a825\" data-element_type=\"section\" data-settings=\"{&quot;background_background&quot;:&quot;classic&quot;}\">\n\t\t\t\t\t\t<div class=\"elementor-container elementor-column-gap-default\">\n\t\t\t\t\t<div class=\"elementor-column elementor-col-100 elementor-top-column elementor-element elementor-element-1d7e379\" data-id=\"1d7e379\" data-element_type=\"column\">\n\t\t\t<div class=\"elementor-widget-wrap elementor-element-populated\">\n\t\t\t\t\t\t<div class=\"elementor-element elementor-element-8ff79fd elementor-absolute elementor-widget elementor-widget-image\" data-id=\"8ff79fd\" data-element_type=\"widget\" data-settings=\"{&quot;_position&quot;:&quot;absolute&quot;}\" data-widget_type=\"image.default\">\n\t\t\t\t<div class=\"elementor-widget-container\">\n\t\t\t\t\t\t\t\t\t\t\t\t\t\t\t<img fetchpriority=\"high\" decoding=\"async\" width=\"967\" height=\"616\" src=\"https:\/\/wordpress.fertilymed.com\/wp-content\/uploads\/2023\/03\/MicrosoftTeams-image-14.png\" class=\"attachment-full size-full wp-image-3147\" alt=\"\" srcset=\"https:\/\/wordpress.fertilymed.com\/wp-content\/uploads\/2023\/03\/MicrosoftTeams-image-14.png 967w, https:\/\/wordpress.fertilymed.com\/wp-content\/uploads\/2023\/03\/MicrosoftTeams-image-14-300x191.png 300w, https:\/\/wordpress.fertilymed.com\/wp-content\/uploads\/2023\/03\/MicrosoftTeams-image-14-768x489.png 768w\" sizes=\"(max-width: 967px) 100vw, 967px\" style=\"width:100%;height:63.7%;max-width:967px\" \/>\t\t\t\t\t\t\t\t\t\t\t\t\t\t\t<\/div>\n\t\t\t\t<\/div>\n\t\t\t\t\t<\/div>\n\t\t<\/div>\n\t\t\t\t\t<\/div>\n\t\t<\/section>\n\t\t\t\t<section class=\"elementor-section elementor-top-section elementor-element elementor-element-f707bbc elementor-section-boxed elementor-section-height-default elementor-section-height-default\" data-id=\"f707bbc\" data-element_type=\"section\" data-settings=\"{&quot;background_background&quot;:&quot;classic&quot;,&quot;animation_mobile&quot;:&quot;fadeIn&quot;}\">\n\t\t\t\t\t\t\t<div class=\"elementor-background-overlay\"><\/div>\n\t\t\t\t\t\t\t<div class=\"elementor-container elementor-column-gap-default\">\n\t\t\t\t\t<div class=\"elementor-column elementor-col-33 elementor-top-column elementor-element elementor-element-3dd627f elementor-invisible\" data-id=\"3dd627f\" data-element_type=\"column\" data-settings=\"{&quot;animation&quot;:&quot;slideInLeft&quot;,&quot;animation_mobile&quot;:&quot;none&quot;}\">\n\t\t\t<div class=\"elementor-widget-wrap elementor-element-populated\">\n\t\t\t\t\t\t<div class=\"elementor-element elementor-element-eed98d6 elementor-widget elementor-widget-heading\" data-id=\"eed98d6\" data-element_type=\"widget\" data-widget_type=\"heading.default\">\n\t\t\t\t<div class=\"elementor-widget-container\">\n\t\t\t\t\t<h2 class=\"elementor-heading-title elementor-size-default\">Competencia y profesionalidad al servicio de tus sue\u00f1os <\/h2>\t\t\t\t<\/div>\n\t\t\t\t<\/div>\n\t\t\t\t\t<\/div>\n\t\t<\/div>\n\t\t\t\t<div class=\"elementor-column elementor-col-66 elementor-top-column elementor-element elementor-element-f49fc25 elementor-invisible\" data-id=\"f49fc25\" data-element_type=\"column\" data-settings=\"{&quot;animation&quot;:&quot;slideInRight&quot;,&quot;animation_mobile&quot;:&quot;none&quot;}\">\n\t\t\t<div class=\"elementor-widget-wrap elementor-element-populated\">\n\t\t\t\t\t\t<div class=\"elementor-element elementor-element-6b5a62d elementor-widget elementor-widget-text-editor\" data-id=\"6b5a62d\" data-element_type=\"widget\" data-widget_type=\"text-editor.default\">\n\t\t\t\t<div class=\"elementor-widget-container\">\n\t\t\t\t\t\t\t\t\t<p class=\"p1\">Confiar en la profesionalidad de FertilyMed significa hacer realidad por <b>fin el deseo de una vida<\/b> despu\u00e9s de perder la esperanza varias veces por la desilusi\u00f3n de tantos intentos fallidos.<\/p>\n<\/p>\n<p class=\"p1\">Nuestro equipo de m\u00e9dicos y profesionales est\u00e1 listo para ocuparse de tu sue\u00f1o, de alimentarlo, de hacerlo crecer y de hacerlo realidad, poniendo a tu servicio nuestra experiencia y las tecnolog\u00edas m\u00e1s innovadoras. Gracias a <b>tratamientos personalizados y a t\u00e9cnicas innovadoras de fecundaci\u00f3n asistida<\/b>, estudiaremos juntos la soluci\u00f3n m\u00e1s eficaz para que tu familia crezca.<\/p>\n\t\t\t\t\t\t\t\t<\/div>\n\t\t\t\t<\/div>\n\t\t\t\t\t<\/div>\n\t\t<\/div>\n\t\t\t\t\t<\/div>\n\t\t<\/section>\n\t\t\t\t<section class=\"elementor-section elementor-top-section elementor-element elementor-element-c30c2ba elementor-reverse-mobile elementor-reverse-tablet elementor-section-boxed elementor-section-height-default elementor-section-height-default\" data-id=\"c30c2ba\" data-element_type=\"section\" data-settings=\"{&quot;background_background&quot;:&quot;classic&quot;,&quot;animation_mobile&quot;:&quot;fadeIn&quot;}\">\n\t\t\t\t\t\t<div class=\"elementor-container elementor-column-gap-default\">\n\t\t\t\t\t<div class=\"elementor-column elementor-col-50 elementor-top-column elementor-element elementor-element-b8927fb elementor-invisible\" data-id=\"b8927fb\" data-element_type=\"column\" data-settings=\"{&quot;animation&quot;:&quot;slideInLeft&quot;,&quot;animation_mobile&quot;:&quot;none&quot;}\">\n\t\t\t<div class=\"elementor-widget-wrap elementor-element-populated\">\n\t\t\t\t\t\t<div class=\"elementor-element elementor-element-b23ace5 elementor-widget elementor-widget-heading\" data-id=\"b23ace5\" data-element_type=\"widget\" data-widget_type=\"heading.default\">\n\t\t\t\t<div class=\"elementor-widget-container\">\n\t\t\t\t\t<h3 class=\"elementor-heading-title elementor-size-default\">FIVET \n<\/h3>\t\t\t\t<\/div>\n\t\t\t\t<\/div>\n\t\t\t\t<div class=\"elementor-element elementor-element-9861ccb elementor-widget elementor-widget-text-editor\" data-id=\"9861ccb\" data-element_type=\"widget\" data-widget_type=\"text-editor.default\">\n\t\t\t\t<div class=\"elementor-widget-container\">\n\t\t\t\t\t\t\t\t\t<p class=\"p1\">Es la t\u00e9cnica m\u00e1s utilizada en los centros de reproducci\u00f3n asistida. Se realiza en un laboratorio y consiste en la uni\u00f3n de un \u00f3vulo y un espermatozoide con el fin de obtener los embriones ya fecundados para transferir e implantar en el \u00fatero materno, donde continuar\u00e1n su proceso evolutivo natural.<\/p>\n\t\t\t\t\t\t\t\t<\/div>\n\t\t\t\t<\/div>\n\t\t\t\t<div class=\"elementor-element elementor-element-a73e9f9 elementor-align-left elementor-mobile-align-justify elementor-widget elementor-widget-button\" data-id=\"a73e9f9\" data-element_type=\"widget\" data-widget_type=\"button.default\">\n\t\t\t\t<div class=\"elementor-widget-container\">\n\t\t\t\t\t\t\t\t\t<div class=\"elementor-button-wrapper\">\n\t\t\t\t\t<a class=\"elementor-button tratamientos_btn_fiv_ita elementor-button-link elementor-size-sm\" href=\"https:\/\/wordpress.fertilymed.com\/trattamenti\/fivet\/\">\n\t\t\t\t\t\t<span class=\"elementor-button-content-wrapper\">\n\t\t\t\t\t\t\t\t\t<span class=\"elementor-button-text\">M\u00c1S INFORMACI\u00d3N<\/span>\n\t\t\t\t\t<\/span>\n\t\t\t\t\t<\/a>\n\t\t\t\t<\/div>\n\t\t\t\t\t\t\t\t<\/div>\n\t\t\t\t<\/div>\n\t\t\t\t\t<\/div>\n\t\t<\/div>\n\t\t\t\t<div class=\"elementor-column elementor-col-50 elementor-top-column elementor-element elementor-element-7c45213 elementor-invisible\" data-id=\"7c45213\" data-element_type=\"column\" data-settings=\"{&quot;animation&quot;:&quot;fadeIn&quot;,&quot;animation_mobile&quot;:&quot;none&quot;}\">\n\t\t\t<div class=\"elementor-widget-wrap elementor-element-populated\">\n\t\t\t\t\t\t<div class=\"elementor-element elementor-element-b15ef59 elementor-widget elementor-widget-image\" data-id=\"b15ef59\" data-element_type=\"widget\" data-widget_type=\"image.default\">\n\t\t\t\t<div class=\"elementor-widget-container\">\n\t\t\t\t\t\t\t\t\t\t\t\t\t\t\t<img decoding=\"async\" width=\"831\" height=\"995\" src=\"https:\/\/wordpress.fertilymed.com\/wp-content\/uploads\/2023\/03\/Raggruppa-2517.png\" class=\"attachment-full size-full wp-image-3114\" alt=\"Tratamientos de fertilidad FIV\" srcset=\"https:\/\/wordpress.fertilymed.com\/wp-content\/uploads\/2023\/03\/Raggruppa-2517.png 831w, https:\/\/wordpress.fertilymed.com\/wp-content\/uploads\/2023\/03\/Raggruppa-2517-251x300.png 251w, https:\/\/wordpress.fertilymed.com\/wp-content\/uploads\/2023\/03\/Raggruppa-2517-768x920.png 768w\" sizes=\"(max-width: 831px) 100vw, 831px\" style=\"width:100%;height:119.74%;max-width:831px\" \/>\t\t\t\t\t\t\t\t\t\t\t\t\t\t\t<\/div>\n\t\t\t\t<\/div>\n\t\t\t\t\t<\/div>\n\t\t<\/div>\n\t\t\t\t\t<\/div>\n\t\t<\/section>\n\t\t\t\t<section class=\"elementor-section elementor-top-section elementor-element elementor-element-2b3cf68 elementor-section-boxed elementor-section-height-default elementor-section-height-default\" data-id=\"2b3cf68\" data-element_type=\"section\" data-settings=\"{&quot;background_background&quot;:&quot;classic&quot;,&quot;animation_mobile&quot;:&quot;fadeIn&quot;}\">\n\t\t\t\t\t\t<div class=\"elementor-container elementor-column-gap-default\">\n\t\t\t\t\t<div class=\"elementor-column elementor-col-50 elementor-top-column elementor-element elementor-element-79f85f2 elementor-invisible\" data-id=\"79f85f2\" data-element_type=\"column\" data-settings=\"{&quot;animation&quot;:&quot;fadeIn&quot;,&quot;animation_mobile&quot;:&quot;none&quot;}\">\n\t\t\t<div class=\"elementor-widget-wrap elementor-element-populated\">\n\t\t\t\t\t\t<div class=\"elementor-element elementor-element-349648d elementor-widget elementor-widget-image\" data-id=\"349648d\" data-element_type=\"widget\" data-widget_type=\"image.default\">\n\t\t\t\t<div class=\"elementor-widget-container\">\n\t\t\t\t\t\t\t\t\t\t\t\t\t\t\t<img decoding=\"async\" width=\"831\" height=\"995\" src=\"https:\/\/wordpress.fertilymed.com\/wp-content\/uploads\/2023\/03\/Raggruppa-2502-3.png\" class=\"attachment-full size-full wp-image-3158\" alt=\"Tratamiento de fertilidad donaci\u00f3n de \u00f3vulos\" srcset=\"https:\/\/wordpress.fertilymed.com\/wp-content\/uploads\/2023\/03\/Raggruppa-2502-3.png 831w, https:\/\/wordpress.fertilymed.com\/wp-content\/uploads\/2023\/03\/Raggruppa-2502-3-251x300.png 251w, https:\/\/wordpress.fertilymed.com\/wp-content\/uploads\/2023\/03\/Raggruppa-2502-3-768x920.png 768w\" sizes=\"(max-width: 831px) 100vw, 831px\" style=\"width:100%;height:119.74%;max-width:831px\" \/>\t\t\t\t\t\t\t\t\t\t\t\t\t\t\t<\/div>\n\t\t\t\t<\/div>\n\t\t\t\t\t<\/div>\n\t\t<\/div>\n\t\t\t\t<div class=\"elementor-column elementor-col-50 elementor-top-column elementor-element elementor-element-6575aec elementor-invisible\" data-id=\"6575aec\" data-element_type=\"column\" data-settings=\"{&quot;animation&quot;:&quot;slideInRight&quot;,&quot;animation_mobile&quot;:&quot;none&quot;}\">\n\t\t\t<div class=\"elementor-widget-wrap elementor-element-populated\">\n\t\t\t\t\t\t<div class=\"elementor-element elementor-element-ccfa090 elementor-widget elementor-widget-heading\" data-id=\"ccfa090\" data-element_type=\"widget\" data-widget_type=\"heading.default\">\n\t\t\t\t<div class=\"elementor-widget-container\">\n\t\t\t\t\t<h3 class=\"elementor-heading-title elementor-size-default\">DONACI\u00d3N DE \u00d3VULOS<\/h3>\t\t\t\t<\/div>\n\t\t\t\t<\/div>\n\t\t\t\t<div class=\"elementor-element elementor-element-2752bf1 elementor-widget elementor-widget-text-editor\" data-id=\"2752bf1\" data-element_type=\"widget\" data-widget_type=\"text-editor.default\">\n\t\t\t\t<div class=\"elementor-widget-container\">\n\t\t\t\t\t\t\t\t\t<p class=\"p1\">Este tratamiento de reproducci\u00f3n asistida consiste en una fecundaci\u00f3n in vitro en la que los \u00f3vulos que se deben inseminar proceden de una donante. Por norma, se suele recurrir a esta t\u00e9cnica cuando las posibilidades de la pareja de obtener un embarazo utilizando sus ovocitos son muy bajas o, incluso, inexistentes.<\/p>\n\t\t\t\t\t\t\t\t<\/div>\n\t\t\t\t<\/div>\n\t\t\t\t<div class=\"elementor-element elementor-element-ef2944f elementor-align-left elementor-mobile-align-justify elementor-widget elementor-widget-button\" data-id=\"ef2944f\" data-element_type=\"widget\" data-widget_type=\"button.default\">\n\t\t\t\t<div class=\"elementor-widget-container\">\n\t\t\t\t\t\t\t\t\t<div class=\"elementor-button-wrapper\">\n\t\t\t\t\t<a class=\"elementor-button tratamientos_btn_d_ovulos_ita elementor-button-link elementor-size-sm\" href=\"https:\/\/wordpress.fertilymed.com\/ovondazione\/\">\n\t\t\t\t\t\t<span class=\"elementor-button-content-wrapper\">\n\t\t\t\t\t\t\t\t\t<span class=\"elementor-button-text\">M\u00c1S INFORMACI\u00d3N<\/span>\n\t\t\t\t\t<\/span>\n\t\t\t\t\t<\/a>\n\t\t\t\t<\/div>\n\t\t\t\t\t\t\t\t<\/div>\n\t\t\t\t<\/div>\n\t\t\t\t\t<\/div>\n\t\t<\/div>\n\t\t\t\t\t<\/div>\n\t\t<\/section>\n\t\t\t\t<section class=\"elementor-section elementor-top-section elementor-element elementor-element-d95a0b4 elementor-reverse-mobile elementor-reverse-tablet elementor-section-boxed elementor-section-height-default elementor-section-height-default\" data-id=\"d95a0b4\" data-element_type=\"section\" data-settings=\"{&quot;background_background&quot;:&quot;classic&quot;,&quot;animation_mobile&quot;:&quot;fadeIn&quot;}\">\n\t\t\t\t\t\t<div class=\"elementor-container elementor-column-gap-default\">\n\t\t\t\t\t<div class=\"elementor-column elementor-col-50 elementor-top-column elementor-element elementor-element-1692e20 elementor-invisible\" data-id=\"1692e20\" data-element_type=\"column\" data-settings=\"{&quot;animation&quot;:&quot;slideInLeft&quot;,&quot;animation_mobile&quot;:&quot;none&quot;}\">\n\t\t\t<div class=\"elementor-widget-wrap elementor-element-populated\">\n\t\t\t\t\t\t<div class=\"elementor-element elementor-element-8ecf288 elementor-widget elementor-widget-heading\" data-id=\"8ecf288\" data-element_type=\"widget\" data-widget_type=\"heading.default\">\n\t\t\t\t<div class=\"elementor-widget-container\">\n\t\t\t\t\t<h3 class=\"elementor-heading-title elementor-size-default\">OTROS TRATAMIENTOS<\/h3>\t\t\t\t<\/div>\n\t\t\t\t<\/div>\n\t\t\t\t<div class=\"elementor-element elementor-element-370fef5 elementor-widget elementor-widget-text-editor\" data-id=\"370fef5\" data-element_type=\"widget\" data-widget_type=\"text-editor.default\">\n\t\t\t\t<div class=\"elementor-widget-container\">\n\t\t\t\t\t\t\t\t\t<p class=\"p1\"><span class=\"ui-provider gp b c d e f g h i j k l m n o p q r s t u v w x y z ab ac ae af ag ah ai aj ak\" dir=\"ltr\">A todas las parejas que deciden emprender uno de nuestros procesos de fecundaci\u00f3n asistida o donaci\u00f3n de \u00f3vulos, FertilyMed les ofrece una serie de <strong>tratamientos y servicios complementarios<\/strong> pensados para hacer a\u00fan m\u00e1s c\u00f3modo, seguro y tranquilo el viaje para hacer realidad sus sue\u00f1os: <strong>PGD, NGS, consultas ginecol\u00f3gicas y pruebas diagn\u00f3sticas<\/strong>.<\/span><\/p>\n\t\t\t\t\t\t\t\t<\/div>\n\t\t\t\t<\/div>\n\t\t\t\t<div class=\"elementor-element elementor-element-0b6d656 elementor-align-left elementor-mobile-align-justify elementor-widget elementor-widget-button\" data-id=\"0b6d656\" data-element_type=\"widget\" data-widget_type=\"button.default\">\n\t\t\t\t<div class=\"elementor-widget-container\">\n\t\t\t\t\t\t\t\t\t<div class=\"elementor-button-wrapper\">\n\t\t\t\t\t<a class=\"elementor-button tratamientos_btn_otros_ita elementor-button-link elementor-size-sm\" href=\"https:\/\/wordpress.fertilymed.com\/altri-trattamenti\/\">\n\t\t\t\t\t\t<span class=\"elementor-button-content-wrapper\">\n\t\t\t\t\t\t\t\t\t<span class=\"elementor-button-text\">M\u00c1S INFORMACI\u00d3N<\/span>\n\t\t\t\t\t<\/span>\n\t\t\t\t\t<\/a>\n\t\t\t\t<\/div>\n\t\t\t\t\t\t\t\t<\/div>\n\t\t\t\t<\/div>\n\t\t\t\t\t<\/div>\n\t\t<\/div>\n\t\t\t\t<div class=\"elementor-column elementor-col-50 elementor-top-column elementor-element elementor-element-fdc609e elementor-invisible\" data-id=\"fdc609e\" data-element_type=\"column\" data-settings=\"{&quot;animation&quot;:&quot;fadeIn&quot;,&quot;animation_mobile&quot;:&quot;none&quot;}\">\n\t\t\t<div class=\"elementor-widget-wrap elementor-element-populated\">\n\t\t\t\t\t\t<div class=\"elementor-element elementor-element-cb34141 elementor-widget elementor-widget-image\" data-id=\"cb34141\" data-element_type=\"widget\" data-widget_type=\"image.default\">\n\t\t\t\t<div class=\"elementor-widget-container\">\n\t\t\t\t\t\t\t\t\t\t\t\t\t\t\t<img decoding=\"async\" width=\"831\" height=\"995\" src=\"https:\/\/wordpress.fertilymed.com\/wp-content\/uploads\/2023\/03\/Raggruppa-2517.png\" class=\"attachment-full size-full wp-image-3114\" alt=\"Tratamientos de fertilidad FIV\" srcset=\"https:\/\/wordpress.fertilymed.com\/wp-content\/uploads\/2023\/03\/Raggruppa-2517.png 831w, https:\/\/wordpress.fertilymed.com\/wp-content\/uploads\/2023\/03\/Raggruppa-2517-251x300.png 251w, https:\/\/wordpress.fertilymed.com\/wp-content\/uploads\/2023\/03\/Raggruppa-2517-768x920.png 768w\" sizes=\"(max-width: 831px) 100vw, 831px\" style=\"width:100%;height:119.74%;max-width:831px\" \/>\t\t\t\t\t\t\t\t\t\t\t\t\t\t\t<\/div>\n\t\t\t\t<\/div>\n\t\t\t\t\t<\/div>\n\t\t<\/div>\n\t\t\t\t\t<\/div>\n\t\t<\/section>\n\t\t\t\t<\/div>\n\t\t","protected":false},"excerpt":{"rendered":"<p>Tratamientos de fertilidad Competencia y profesionalidad al servicio de tus sue\u00f1os Confiar en la profesionalidad de FertilyMed significa hacer realidad por fin el deseo de una vida despu\u00e9s de perder la esperanza varias veces por la desilusi\u00f3n de tantos intentos fallidos. Nuestro equipo de m\u00e9dicos y profesionales est\u00e1 listo para ocuparse de tu sue\u00f1o, de&hellip; <a class=\"more-link\" href=\"https:\/\/wordpress.fertilymed.com\/es\/tratamientos-de-fertilidad\/\">Seguir leyendo <span class=\"screen-reader-text\">TRATAMIENTOS<\/span><\/a><\/p>\n","protected":false},"author":1,"featured_media":0,"parent":0,"menu_order":0,"comment_status":"closed","ping_status":"closed","template":"elementor_header_footer","meta":{"_joinchat":[],"footnotes":""},"class_list":["post-3218","page","type-page","status-publish","hentry","entry"],"_links":{"self":[{"href":"https:\/\/wordpress.fertilymed.com\/es\/wp-json\/wp\/v2\/pages\/3218","targetHints":{"allow":["GET"]}}],"collection":[{"href":"https:\/\/wordpress.fertilymed.com\/es\/wp-json\/wp\/v2\/pages"}],"about":[{"href":"https:\/\/wordpress.fertilymed.com\/es\/wp-json\/wp\/v2\/types\/page"}],"author":[{"embeddable":true,"href":"https:\/\/wordpress.fertilymed.com\/es\/wp-json\/wp\/v2\/users\/1"}],"replies":[{"embeddable":true,"href":"https:\/\/wordpress.fertilymed.com\/es\/wp-json\/wp\/v2\/comments?post=3218"}],"version-history":[{"count":37,"href":"https:\/\/wordpress.fertilymed.com\/es\/wp-json\/wp\/v2\/pages\/3218\/revisions"}],"predecessor-version":[{"id":5657,"href":"https:\/\/wordpress.fertilymed.com\/es\/wp-json\/wp\/v2\/pages\/3218\/revisions\/5657"}],"wp:attachment":[{"href":"https:\/\/wordpress.fertilymed.com\/es\/wp-json\/wp\/v2\/media?parent=3218"}],"curies":[{"name":"wp","href":"https:\/\/api.w.org\/{rel}","templated":true}]}}